{"id":1503,"date":"2023-10-23T17:39:59","date_gmt":"2023-10-23T23:39:59","guid":{"rendered":"https:\/\/interamericanatv.com\/?page_id=1503"},"modified":"2024-12-29T21:03:54","modified_gmt":"2024-12-30T03:03:54","slug":"paginas-recomendadas","status":"publish","type":"page","link":"https:\/\/interamericanatv.com\/?page_id=1503","title":{"rendered":"P\u00e1ginas Recomendadas"},"content":{"rendered":"\t\t<div data-elementor-type=\"wp-page\" data-elementor-id=\"1503\" class=\"elementor elementor-1503\">\n\t\t\t\t<div class=\"elementor-element elementor-element-19565a4 e-flex e-con-boxed e-con e-parent\" data-id=\"19565a4\" data-element_type=\"container\" data-e-type=\"container\">\n\t\t\t\t\t<div class=\"e-con-inner\">\n\t\t\t\t<div class=\"elementor-element elementor-element-2470cae elementor-position-top elementor-widget elementor-widget-image-box\" data-id=\"2470cae\" data-element_type=\"widget\" data-e-type=\"widget\" data-widget_type=\"image-box.default\">\n\t\t\t\t<div class=\"elementor-widget-container\">\n\t\t\t\t\t<div class=\"elementor-image-box-wrapper\"><figure class=\"elementor-image-box-img\"><a href=\"https:\/\/www.interamericanatv.com\/iradio\/iradio.html\" target=\"_blank\" tabindex=\"-1\"><img fetchpriority=\"high\" decoding=\"async\" width=\"1024\" height=\"1024\" src=\"https:\/\/interamericanatv.com\/wp-content\/uploads\/2023\/11\/iRadio-Only.jpg\" class=\"attachment-full size-full wp-image-1639\" alt=\"\" srcset=\"https:\/\/interamericanatv.com\/wp-content\/uploads\/2023\/11\/iRadio-Only.jpg 1024w, https:\/\/interamericanatv.com\/wp-content\/uploads\/2023\/11\/iRadio-Only-300x300.jpg 300w, https:\/\/interamericanatv.com\/wp-content\/uploads\/2023\/11\/iRadio-Only-150x150.jpg 150w, https:\/\/interamericanatv.com\/wp-content\/uploads\/2023\/11\/iRadio-Only-768x768.jpg 768w, https:\/\/interamericanatv.com\/wp-content\/uploads\/2023\/11\/iRadio-Only-600x600.jpg 600w, https:\/\/interamericanatv.com\/wp-content\/uploads\/2023\/11\/iRadio-Only-100x100.jpg 100w\" sizes=\"(max-width: 1024px) 100vw, 1024px\" \/><\/a><\/figure><div class=\"elementor-image-box-content\"><h3 class=\"elementor-image-box-title\"><a href=\"https:\/\/www.interamericanatv.com\/iradio\/iradio.html\" target=\"_blank\">iRadio<\/a><\/h3><p class=\"elementor-image-box-description\">Radio Emisora en l\u00ednea con formato popular que transmite m\u00fasica variada, actividades, eventos y noticias.<\/p><\/div><\/div>\t\t\t\t<\/div>\n\t\t\t\t<\/div>\n\t\t\t\t\t<\/div>\n\t\t\t\t<\/div>\n\t\t<div class=\"elementor-element elementor-element-ac6cf0b e-flex e-con-boxed e-con e-parent\" data-id=\"ac6cf0b\" data-element_type=\"container\" data-e-type=\"container\">\n\t\t\t\t\t<div class=\"e-con-inner\">\n\t\t\t\t<div class=\"elementor-element elementor-element-26bfc0a elementor-position-top elementor-widget elementor-widget-image-box\" data-id=\"26bfc0a\" data-element_type=\"widget\" data-e-type=\"widget\" data-widget_type=\"image-box.default\">\n\t\t\t\t<div class=\"elementor-widget-container\">\n\t\t\t\t\t<div class=\"elementor-image-box-wrapper\"><figure class=\"elementor-image-box-img\"><a href=\"https:\/\/app.sonicpanelradio.com\/cp\/widgets\/player\/?p=8104\" tabindex=\"-1\"><img decoding=\"async\" width=\"600\" height=\"400\" src=\"https:\/\/interamericanatv.com\/wp-content\/uploads\/2023\/10\/descarga.jpg\" class=\"attachment-full size-full wp-image-1427\" alt=\"\" srcset=\"https:\/\/interamericanatv.com\/wp-content\/uploads\/2023\/10\/descarga.jpg 600w, https:\/\/interamericanatv.com\/wp-content\/uploads\/2023\/10\/descarga-300x200.jpg 300w\" sizes=\"(max-width: 600px) 100vw, 600px\" \/><\/a><\/figure><div class=\"elementor-image-box-content\"><h3 class=\"elementor-image-box-title\"><a href=\"https:\/\/app.sonicpanelradio.com\/cp\/widgets\/player\/?p=8104\">Radio Libertad<\/a><\/h3><p class=\"elementor-image-box-description\">Radio Emisora de la Asociaci\u00f3n de Periodistas de Guatemala, conocida como \"La Voz del Periodista\".\nTransmite noticias y m\u00fasica variada<\/p><\/div><\/div>\t\t\t\t<\/div>\n\t\t\t\t<\/div>\n\t\t\t\t\t<\/div>\n\t\t\t\t<\/div>\n\t\t\t\t<\/div>\n\t\t","protected":false},"excerpt":{"rendered":"<p>iRadio Radio Emisora en l\u00ednea con formato popular que transmite m\u00fasica variada, actividades, eventos y noticias. Radio Libertad Radio Emisora de la Asociaci\u00f3n de Periodistas de Guatemala, conocida como \u00abLa Voz del Periodista\u00bb. Transmite noticias y m\u00fasica variada<\/p>\n","protected":false},"author":1,"featured_media":0,"parent":0,"menu_order":0,"comment_status":"closed","ping_status":"closed","template":"","meta":{"site-sidebar-layout":"no-sidebar","site-content-layout":"page-builder","ast-site-content-layout":"full-width-container","site-content-style":"default","site-sidebar-style":"default","ast-global-header-display":"","ast-banner-title-visibility":"","ast-main-header-display":"","ast-hfb-above-header-display":"","ast-hfb-below-header-display":"","ast-hfb-mobile-header-display":"","site-post-title":"disabled","ast-breadcrumbs-content":"","ast-featured-img":"disabled","footer-sml-layout":"","ast-disable-related-posts":"","theme-transparent-header-meta":"","adv-header-id-meta":"","stick-header-meta":"","header-above-stick-meta":"","header-main-stick-meta":"","header-below-stick-meta":"","astra-migrate-meta-layouts":"set","ast-page-background-enabled":"default","ast-page-background-meta":{"desktop":{"background-color":"var(--ast-global-color-4)","background-image":"","background-repeat":"repeat","background-position":"center center","background-size":"auto","background-attachment":"scroll","background-type":"","background-media":"","overlay-type":"","overlay-color":"","overlay-opacity":"","overlay-gradient":""},"tablet":{"background-color":"","background-image":"","background-repeat":"repeat","background-position":"center center","background-size":"auto","background-attachment":"scroll","background-type":"","background-media":"","overlay-type":"","overlay-color":"","overlay-opacity":"","overlay-gradient":""},"mobile":{"background-color":"","background-image":"","background-repeat":"repeat","background-position":"center center","background-size":"auto","background-attachment":"scroll","background-type":"","background-media":"","overlay-type":"","overlay-color":"","overlay-opacity":"","overlay-gradient":""}},"ast-content-background-meta":{"desktop":{"background-color":"var(--ast-global-color-5)","background-image":"","background-repeat":"repeat","background-position":"center center","background-size":"auto","background-attachment":"scroll","background-type":"","background-media":"","overlay-type":"","overlay-color":"","overlay-opacity":"","overlay-gradient":""},"tablet":{"background-color":"var(--ast-global-color-5)","background-image":"","background-repeat":"repeat","background-position":"center center","background-size":"auto","background-attachment":"scroll","background-type":"","background-media":"","overlay-type":"","overlay-color":"","overlay-opacity":"","overlay-gradient":""},"mobile":{"background-color":"var(--ast-global-color-5)","background-image":"","background-repeat":"repeat","background-position":"center center","background-size":"auto","background-attachment":"scroll","background-type":"","background-media":"","overlay-type":"","overlay-color":"","overlay-opacity":"","overlay-gradient":""}},"footnotes":""},"class_list":["post-1503","page","type-page","status-publish","hentry"],"_links":{"self":[{"href":"https:\/\/interamericanatv.com\/index.php?rest_route=\/wp\/v2\/pages\/1503","targetHints":{"allow":["GET"]}}],"collection":[{"href":"https:\/\/interamericanatv.com\/index.php?rest_route=\/wp\/v2\/pages"}],"about":[{"href":"https:\/\/interamericanatv.com\/index.php?rest_route=\/wp\/v2\/types\/page"}],"author":[{"embeddable":true,"href":"https:\/\/interamericanatv.com\/index.php?rest_route=\/wp\/v2\/users\/1"}],"replies":[{"embeddable":true,"href":"https:\/\/interamericanatv.com\/index.php?rest_route=%2Fwp%2Fv2%2Fcomments&post=1503"}],"version-history":[{"count":34,"href":"https:\/\/interamericanatv.com\/index.php?rest_route=\/wp\/v2\/pages\/1503\/revisions"}],"predecessor-version":[{"id":1782,"href":"https:\/\/interamericanatv.com\/index.php?rest_route=\/wp\/v2\/pages\/1503\/revisions\/1782"}],"wp:attachment":[{"href":"https:\/\/interamericanatv.com\/index.php?rest_route=%2Fwp%2Fv2%2Fmedia&parent=1503"}],"curies":[{"name":"wp","href":"https:\/\/api.w.org\/{rel}","templated":true}]}}